{"id":8134,"date":"2026-02-04T12:31:43","date_gmt":"2026-02-04T11:31:43","guid":{"rendered":"https:\/\/www.leanforms.com\/?page_id=8134"},"modified":"2026-02-04T12:31:44","modified_gmt":"2026-02-04T11:31:44","slug":"geschaftsprozesse-digitalisieren-2","status":"publish","type":"page","link":"https:\/\/www.leanforms.com\/de\/geschaftsprozesse-digitalisieren-2\/","title":{"rendered":"Gesch\u00e4ftsprozesse digitalisieren"},"content":{"rendered":"","protected":false},"excerpt":{"rendered":"","protected":false},"author":5,"featured_media":0,"parent":0,"menu_order":0,"comment_status":"closed","ping_status":"closed","template":"","meta":{"_acf_changed":false,"footnotes":""},"class_list":["post-8134","page","type-page","status-publish","hentry"],"acf":[],"yoast_head":"<!-- This site is optimized with the Yoast SEO plugin v27.3 - https:\/\/yoast.com\/product\/yoast-seo-wordpress\/ -->\n<title>Gesch\u00e4ftsprozesse digitalisieren - leicht gemacht mit LeanForms<\/title>\n<meta name=\"description\" content=\"Sparen Sie Zeit durch die Digitalisierung Ihrer Gesch\u00e4ftsprozesse und sorgen Sie f\u00fcr eine Prozessoptimierung. Entscheiden Sie sich f\u00fcr die Digitalisierung.\" \/>\n<meta name=\"robots\" content=\"index, follow, max-snippet:-1, max-image-preview:large, max-video-preview:-1\" \/>\n<link rel=\"canonical\" href=\"https:\/\/www.leanforms.com\/de\/geschaftsprozesse-digitalisieren-2\/\" \/>\n<meta property=\"og:locale\" content=\"de_DE\" \/>\n<meta property=\"og:type\" content=\"article\" \/>\n<meta property=\"og:title\" content=\"Gesch\u00e4ftsprozesse digitalisieren - leicht gemacht mit LeanForms\" \/>\n<meta property=\"og:description\" content=\"Sparen Sie Zeit durch die Digitalisierung Ihrer Gesch\u00e4ftsprozesse und sorgen Sie f\u00fcr eine Prozessoptimierung. Entscheiden Sie sich f\u00fcr die Digitalisierung.\" \/>\n<meta property=\"og:url\" content=\"https:\/\/www.leanforms.com\/de\/geschaftsprozesse-digitalisieren-2\/\" \/>\n<meta property=\"og:site_name\" content=\"LeanForms\" \/>\n<meta property=\"article:modified_time\" content=\"2026-02-04T11:31:44+00:00\" \/>\n<meta name=\"twitter:card\" content=\"summary_large_image\" \/>\n<script type=\"application\/ld+json\" class=\"yoast-schema-graph\">{\"@context\":\"https:\\\/\\\/schema.org\",\"@graph\":[{\"@type\":\"WebPage\",\"@id\":\"https:\\\/\\\/www.leanforms.com\\\/de\\\/geschaftsprozesse-digitalisieren-2\\\/\",\"url\":\"https:\\\/\\\/www.leanforms.com\\\/de\\\/geschaftsprozesse-digitalisieren-2\\\/\",\"name\":\"Gesch\u00e4ftsprozesse digitalisieren - leicht gemacht mit LeanForms\",\"isPartOf\":{\"@id\":\"https:\\\/\\\/www.leanforms.com\\\/de\\\/#website\"},\"datePublished\":\"2026-02-04T11:31:43+00:00\",\"dateModified\":\"2026-02-04T11:31:44+00:00\",\"description\":\"Sparen Sie Zeit durch die Digitalisierung Ihrer Gesch\u00e4ftsprozesse und sorgen Sie f\u00fcr eine Prozessoptimierung. Entscheiden Sie sich f\u00fcr die Digitalisierung.\",\"breadcrumb\":{\"@id\":\"https:\\\/\\\/www.leanforms.com\\\/de\\\/geschaftsprozesse-digitalisieren-2\\\/#breadcrumb\"},\"inLanguage\":\"de\",\"potentialAction\":[{\"@type\":\"ReadAction\",\"target\":[\"https:\\\/\\\/www.leanforms.com\\\/de\\\/geschaftsprozesse-digitalisieren-2\\\/\"]}]},{\"@type\":\"BreadcrumbList\",\"@id\":\"https:\\\/\\\/www.leanforms.com\\\/de\\\/geschaftsprozesse-digitalisieren-2\\\/#breadcrumb\",\"itemListElement\":[{\"@type\":\"ListItem\",\"position\":1,\"name\":\"Startseite\",\"item\":\"https:\\\/\\\/www.leanforms.com\\\/de\\\/\"},{\"@type\":\"ListItem\",\"position\":2,\"name\":\"Gesch\u00e4ftsprozesse digitalisieren\"}]},{\"@type\":\"WebSite\",\"@id\":\"https:\\\/\\\/www.leanforms.com\\\/de\\\/#website\",\"url\":\"https:\\\/\\\/www.leanforms.com\\\/de\\\/\",\"name\":\"LeanForms\",\"description\":\"Einfaches Erstellen digitaler Formulare inklusive Workflow\",\"publisher\":{\"@id\":\"https:\\\/\\\/www.leanforms.com\\\/de\\\/#organization\"},\"potentialAction\":[{\"@type\":\"SearchAction\",\"target\":{\"@type\":\"EntryPoint\",\"urlTemplate\":\"https:\\\/\\\/www.leanforms.com\\\/de\\\/?s={search_term_string}\"},\"query-input\":{\"@type\":\"PropertyValueSpecification\",\"valueRequired\":true,\"valueName\":\"search_term_string\"}}],\"inLanguage\":\"de\"},{\"@type\":\"Organization\",\"@id\":\"https:\\\/\\\/www.leanforms.com\\\/de\\\/#organization\",\"name\":\"LeanForms\",\"url\":\"https:\\\/\\\/www.leanforms.com\\\/de\\\/\",\"logo\":{\"@type\":\"ImageObject\",\"inLanguage\":\"de\",\"@id\":\"https:\\\/\\\/www.leanforms.com\\\/de\\\/#\\\/schema\\\/logo\\\/image\\\/\",\"url\":\"https:\\\/\\\/www.leanforms.com\\\/inhoud\\\/uploads\\\/2026\\\/01\\\/Leanforms-logo-vierkant.jpg\",\"contentUrl\":\"https:\\\/\\\/www.leanforms.com\\\/inhoud\\\/uploads\\\/2026\\\/01\\\/Leanforms-logo-vierkant.jpg\",\"width\":696,\"height\":696,\"caption\":\"LeanForms\"},\"image\":{\"@id\":\"https:\\\/\\\/www.leanforms.com\\\/de\\\/#\\\/schema\\\/logo\\\/image\\\/\"}}]}<\/script>\n<!-- \/ Yoast SEO plugin. -->","yoast_head_json":{"title":"Gesch\u00e4ftsprozesse digitalisieren - leicht gemacht mit LeanForms","description":"Sparen Sie Zeit durch die Digitalisierung Ihrer Gesch\u00e4ftsprozesse und sorgen Sie f\u00fcr eine Prozessoptimierung. Entscheiden Sie sich f\u00fcr die Digitalisierung.","robots":{"index":"index","follow":"follow","max-snippet":"max-snippet:-1","max-image-preview":"max-image-preview:large","max-video-preview":"max-video-preview:-1"},"canonical":"https:\/\/www.leanforms.com\/de\/geschaftsprozesse-digitalisieren-2\/","og_locale":"de_DE","og_type":"article","og_title":"Gesch\u00e4ftsprozesse digitalisieren - leicht gemacht mit LeanForms","og_description":"Sparen Sie Zeit durch die Digitalisierung Ihrer Gesch\u00e4ftsprozesse und sorgen Sie f\u00fcr eine Prozessoptimierung. Entscheiden Sie sich f\u00fcr die Digitalisierung.","og_url":"https:\/\/www.leanforms.com\/de\/geschaftsprozesse-digitalisieren-2\/","og_site_name":"LeanForms","article_modified_time":"2026-02-04T11:31:44+00:00","twitter_card":"summary_large_image","schema":{"@context":"https:\/\/schema.org","@graph":[{"@type":"WebPage","@id":"https:\/\/www.leanforms.com\/de\/geschaftsprozesse-digitalisieren-2\/","url":"https:\/\/www.leanforms.com\/de\/geschaftsprozesse-digitalisieren-2\/","name":"Gesch\u00e4ftsprozesse digitalisieren - leicht gemacht mit LeanForms","isPartOf":{"@id":"https:\/\/www.leanforms.com\/de\/#website"},"datePublished":"2026-02-04T11:31:43+00:00","dateModified":"2026-02-04T11:31:44+00:00","description":"Sparen Sie Zeit durch die Digitalisierung Ihrer Gesch\u00e4ftsprozesse und sorgen Sie f\u00fcr eine Prozessoptimierung. Entscheiden Sie sich f\u00fcr die Digitalisierung.","breadcrumb":{"@id":"https:\/\/www.leanforms.com\/de\/geschaftsprozesse-digitalisieren-2\/#breadcrumb"},"inLanguage":"de","potentialAction":[{"@type":"ReadAction","target":["https:\/\/www.leanforms.com\/de\/geschaftsprozesse-digitalisieren-2\/"]}]},{"@type":"BreadcrumbList","@id":"https:\/\/www.leanforms.com\/de\/geschaftsprozesse-digitalisieren-2\/#breadcrumb","itemListElement":[{"@type":"ListItem","position":1,"name":"Startseite","item":"https:\/\/www.leanforms.com\/de\/"},{"@type":"ListItem","position":2,"name":"Gesch\u00e4ftsprozesse digitalisieren"}]},{"@type":"WebSite","@id":"https:\/\/www.leanforms.com\/de\/#website","url":"https:\/\/www.leanforms.com\/de\/","name":"LeanForms","description":"Einfaches Erstellen digitaler Formulare inklusive Workflow","publisher":{"@id":"https:\/\/www.leanforms.com\/de\/#organization"},"potentialAction":[{"@type":"SearchAction","target":{"@type":"EntryPoint","urlTemplate":"https:\/\/www.leanforms.com\/de\/?s={search_term_string}"},"query-input":{"@type":"PropertyValueSpecification","valueRequired":true,"valueName":"search_term_string"}}],"inLanguage":"de"},{"@type":"Organization","@id":"https:\/\/www.leanforms.com\/de\/#organization","name":"LeanForms","url":"https:\/\/www.leanforms.com\/de\/","logo":{"@type":"ImageObject","inLanguage":"de","@id":"https:\/\/www.leanforms.com\/de\/#\/schema\/logo\/image\/","url":"https:\/\/www.leanforms.com\/inhoud\/uploads\/2026\/01\/Leanforms-logo-vierkant.jpg","contentUrl":"https:\/\/www.leanforms.com\/inhoud\/uploads\/2026\/01\/Leanforms-logo-vierkant.jpg","width":696,"height":696,"caption":"LeanForms"},"image":{"@id":"https:\/\/www.leanforms.com\/de\/#\/schema\/logo\/image\/"}}]}},"_links":{"self":[{"href":"https:\/\/www.leanforms.com\/de\/wp-json\/wp\/v2\/pages\/8134","targetHints":{"allow":["GET"]}}],"collection":[{"href":"https:\/\/www.leanforms.com\/de\/wp-json\/wp\/v2\/pages"}],"about":[{"href":"https:\/\/www.leanforms.com\/de\/wp-json\/wp\/v2\/types\/page"}],"author":[{"embeddable":true,"href":"https:\/\/www.leanforms.com\/de\/wp-json\/wp\/v2\/users\/5"}],"replies":[{"embeddable":true,"href":"https:\/\/www.leanforms.com\/de\/wp-json\/wp\/v2\/comments?post=8134"}],"version-history":[{"count":1,"href":"https:\/\/www.leanforms.com\/de\/wp-json\/wp\/v2\/pages\/8134\/revisions"}],"predecessor-version":[{"id":8159,"href":"https:\/\/www.leanforms.com\/de\/wp-json\/wp\/v2\/pages\/8134\/revisions\/8159"}],"wp:attachment":[{"href":"https:\/\/www.leanforms.com\/de\/wp-json\/wp\/v2\/media?parent=8134"}],"curies":[{"name":"wp","href":"https:\/\/api.w.org\/{rel}","templated":true}]}}